{"id":2809,"date":"2023-10-09T09:08:46","date_gmt":"2023-10-09T09:08:46","guid":{"rendered":"https:\/\/canpizza.eu\/?post_type=product&#038;p=2809"},"modified":"2026-03-28T09:05:03","modified_gmt":"2026-03-28T09:05:03","slug":"agitadores-de-masas-t-shirt","status":"publish","type":"product","link":"https:\/\/canpizza.eu\/ca\/producto\/agitadores-de-masas-t-shirt\/","title":{"rendered":"AGITADORES DE MASAS"},"content":{"rendered":"<p>Camiseta de algod\u00f3n raspado con cuello de canal\u00e9.<\/p>\n","protected":false},"excerpt":{"rendered":"<h5>AGITADORES DE MASAS<br \/>\nAgitando a la masa desde 2013<\/h5>\n<p>Punto de jersey sencillo, 100% algod\u00f3n org\u00e1nico hilado y peinado.<br \/>\nTejido lavado.<br \/>\n180GSM y cuello de canal\u00e9.<br \/>\nDoble costura en cuello y mangas.<\/p>\n<p><img loading=\"lazy\" decoding=\"async\" class=\"alignnone size-medium wp-image-2873\" src=\"https:\/\/canpizza.eu\/wp-content\/uploads\/2023\/10\/stamps-300x75.jpg\" alt=\"\" width=\"300\" height=\"75\" srcset=\"https:\/\/canpizza.eu\/wp-content\/uploads\/2023\/10\/stamps-300x75.jpg 300w, https:\/\/canpizza.eu\/wp-content\/uploads\/2023\/10\/stamps-600x151.jpg 600w, https:\/\/canpizza.eu\/wp-content\/uploads\/2023\/10\/stamps-1024x257.jpg 1024w, https:\/\/canpizza.eu\/wp-content\/uploads\/2023\/10\/stamps-768x193.jpg 768w, https:\/\/canpizza.eu\/wp-content\/uploads\/2023\/10\/stamps-1536x386.jpg 1536w, https:\/\/canpizza.eu\/wp-content\/uploads\/2023\/10\/stamps-2048x514.jpg 2048w\" sizes=\"auto, (max-width: 300px) 100vw, 300px\" \/><\/p>\n","protected":false},"featured_media":2815,"comment_status":"open","ping_status":"closed","template":"","meta":{"inline_featured_image":false},"product_brand":[],"product_cat":[27],"product_tag":[],"class_list":{"0":"post-2809","1":"product","2":"type-product","3":"status-publish","4":"has-post-thumbnail","6":"product_cat-sin-categorizar","7":"post-wrapper","9":"first","10":"instock","11":"shipping-taxable","12":"purchasable","13":"product-type-variable","14":"has-default-attributes"},"yoast_head":"<!-- This site is optimized with the Yoast SEO plugin v27.4 - https:\/\/yoast.com\/product\/yoast-seo-wordpress\/ -->\n<title>AGITADORES DE MASAS - CAN PIZZA<\/title>\n<meta name=\"robots\" content=\"index, follow, max-snippet:-1, max-image-preview:large, max-video-preview:-1\" \/>\n<link rel=\"canonical\" href=\"https:\/\/canpizza.eu\/ca\/producto\/agitadores-de-masas-t-shirt\/\" \/>\n<meta property=\"og:locale\" content=\"ca_ES\" \/>\n<meta property=\"og:type\" content=\"article\" \/>\n<meta property=\"og:title\" content=\"AGITADORES DE MASAS - CAN PIZZA\" \/>\n<meta property=\"og:description\" content=\"AGITADORES DE MASAS Agitando a la masa desde 2013 Punto de jersey sencillo, 100% algod\u00f3n org\u00e1nico hilado y peinado. Tejido lavado. 180GSM y cuello de canal\u00e9. Doble costura en cuello y mangas.\" \/>\n<meta property=\"og:url\" content=\"https:\/\/canpizza.eu\/ca\/producto\/agitadores-de-masas-t-shirt\/\" \/>\n<meta property=\"og:site_name\" content=\"CAN PIZZA\" \/>\n<meta property=\"article:publisher\" content=\"https:\/\/www.facebook.com\/canpizzaoficial\/?locale=es_ES\" \/>\n<meta property=\"article:modified_time\" content=\"2026-03-28T09:05:03+00:00\" \/>\n<meta property=\"og:image\" content=\"https:\/\/canpizza.eu\/wp-content\/uploads\/2023\/10\/agitadores-de-masas.png\" \/>\n\t<meta property=\"og:image:width\" content=\"1000\" \/>\n\t<meta property=\"og:image:height\" content=\"1000\" \/>\n\t<meta property=\"og:image:type\" content=\"image\/png\" \/>\n<meta name=\"twitter:card\" content=\"summary_large_image\" \/>\n<script type=\"application\/ld+json\" class=\"yoast-schema-graph\">{\"@context\":\"https:\\\/\\\/schema.org\",\"@graph\":[{\"@type\":\"WebPage\",\"@id\":\"https:\\\/\\\/canpizza.eu\\\/ca\\\/producto\\\/agitadores-de-masas-t-shirt\\\/\",\"url\":\"https:\\\/\\\/canpizza.eu\\\/ca\\\/producto\\\/agitadores-de-masas-t-shirt\\\/\",\"name\":\"AGITADORES DE MASAS - CAN PIZZA\",\"isPartOf\":{\"@id\":\"https:\\\/\\\/canpizza.eu\\\/#website\"},\"primaryImageOfPage\":{\"@id\":\"https:\\\/\\\/canpizza.eu\\\/ca\\\/producto\\\/agitadores-de-masas-t-shirt\\\/#primaryimage\"},\"image\":{\"@id\":\"https:\\\/\\\/canpizza.eu\\\/ca\\\/producto\\\/agitadores-de-masas-t-shirt\\\/#primaryimage\"},\"thumbnailUrl\":\"https:\\\/\\\/canpizza.eu\\\/wp-content\\\/uploads\\\/2023\\\/10\\\/agitadores-de-masas.png\",\"datePublished\":\"2023-10-09T09:08:46+00:00\",\"dateModified\":\"2026-03-28T09:05:03+00:00\",\"breadcrumb\":{\"@id\":\"https:\\\/\\\/canpizza.eu\\\/ca\\\/producto\\\/agitadores-de-masas-t-shirt\\\/#breadcrumb\"},\"inLanguage\":\"ca\",\"potentialAction\":[{\"@type\":\"ReadAction\",\"target\":[\"https:\\\/\\\/canpizza.eu\\\/ca\\\/producto\\\/agitadores-de-masas-t-shirt\\\/\"]}]},{\"@type\":\"ImageObject\",\"inLanguage\":\"ca\",\"@id\":\"https:\\\/\\\/canpizza.eu\\\/ca\\\/producto\\\/agitadores-de-masas-t-shirt\\\/#primaryimage\",\"url\":\"https:\\\/\\\/canpizza.eu\\\/wp-content\\\/uploads\\\/2023\\\/10\\\/agitadores-de-masas.png\",\"contentUrl\":\"https:\\\/\\\/canpizza.eu\\\/wp-content\\\/uploads\\\/2023\\\/10\\\/agitadores-de-masas.png\",\"width\":1000,\"height\":1000,\"caption\":\"Camiseta agitadores de masas Can Pizza\"},{\"@type\":\"BreadcrumbList\",\"@id\":\"https:\\\/\\\/canpizza.eu\\\/ca\\\/producto\\\/agitadores-de-masas-t-shirt\\\/#breadcrumb\",\"itemListElement\":[{\"@type\":\"ListItem\",\"position\":1,\"name\":\"Portada\",\"item\":\"https:\\\/\\\/canpizza.eu\\\/\"},{\"@type\":\"ListItem\",\"position\":2,\"name\":\"Tienda Can Pizza\",\"item\":\"https:\\\/\\\/canpizza.eu\\\/tienda\\\/\"},{\"@type\":\"ListItem\",\"position\":3,\"name\":\"AGITADORES DE MASAS\"}]},{\"@type\":\"WebSite\",\"@id\":\"https:\\\/\\\/canpizza.eu\\\/#website\",\"url\":\"https:\\\/\\\/canpizza.eu\\\/\",\"name\":\"CAN PIZZA\",\"description\":\"Respect the pizza\",\"publisher\":{\"@id\":\"https:\\\/\\\/canpizza.eu\\\/#organization\"},\"alternateName\":\"CAN PIZZA\",\"potentialAction\":[{\"@type\":\"SearchAction\",\"target\":{\"@type\":\"EntryPoint\",\"urlTemplate\":\"https:\\\/\\\/canpizza.eu\\\/?s={search_term_string}\"},\"query-input\":{\"@type\":\"PropertyValueSpecification\",\"valueRequired\":true,\"valueName\":\"search_term_string\"}}],\"inLanguage\":\"ca\"},{\"@type\":\"Organization\",\"@id\":\"https:\\\/\\\/canpizza.eu\\\/#organization\",\"name\":\"CAN PIZZA\",\"url\":\"https:\\\/\\\/canpizza.eu\\\/\",\"logo\":{\"@type\":\"ImageObject\",\"inLanguage\":\"ca\",\"@id\":\"https:\\\/\\\/canpizza.eu\\\/#\\\/schema\\\/logo\\\/image\\\/\",\"url\":\"https:\\\/\\\/canpizza.eu\\\/wp-content\\\/uploads\\\/2023\\\/06\\\/can-pizza-logo.png\",\"contentUrl\":\"https:\\\/\\\/canpizza.eu\\\/wp-content\\\/uploads\\\/2023\\\/06\\\/can-pizza-logo.png\",\"width\":706,\"height\":164,\"caption\":\"CAN PIZZA\"},\"image\":{\"@id\":\"https:\\\/\\\/canpizza.eu\\\/#\\\/schema\\\/logo\\\/image\\\/\"},\"sameAs\":[\"https:\\\/\\\/www.facebook.com\\\/canpizzaoficial\\\/?locale=es_ES\",\"https:\\\/\\\/www.instagram.com\\\/canpizzaoficial\\\/\",\"https:\\\/\\\/www.youtube.com\\\/channel\\\/UCB-1lAueskvomnaikShzaYQ\",\"https:\\\/\\\/www.linkedin.com\\\/company\\\/can-pizza?original_referer=httpswwwgooglecom&originalSubdomain=es\"]}]}<\/script>\n<!-- \/ Yoast SEO plugin. -->","yoast_head_json":{"title":"AGITADORES DE MASAS - CAN PIZZA","robots":{"index":"index","follow":"follow","max-snippet":"max-snippet:-1","max-image-preview":"max-image-preview:large","max-video-preview":"max-video-preview:-1"},"canonical":"https:\/\/canpizza.eu\/ca\/producto\/agitadores-de-masas-t-shirt\/","og_locale":"ca_ES","og_type":"article","og_title":"AGITADORES DE MASAS - CAN PIZZA","og_description":"AGITADORES DE MASAS Agitando a la masa desde 2013 Punto de jersey sencillo, 100% algod\u00f3n org\u00e1nico hilado y peinado. Tejido lavado. 180GSM y cuello de canal\u00e9. Doble costura en cuello y mangas.","og_url":"https:\/\/canpizza.eu\/ca\/producto\/agitadores-de-masas-t-shirt\/","og_site_name":"CAN PIZZA","article_publisher":"https:\/\/www.facebook.com\/canpizzaoficial\/?locale=es_ES","article_modified_time":"2026-03-28T09:05:03+00:00","og_image":[{"width":1000,"height":1000,"url":"https:\/\/canpizza.eu\/wp-content\/uploads\/2023\/10\/agitadores-de-masas.png","type":"image\/png"}],"twitter_card":"summary_large_image","schema":{"@context":"https:\/\/schema.org","@graph":[{"@type":"WebPage","@id":"https:\/\/canpizza.eu\/ca\/producto\/agitadores-de-masas-t-shirt\/","url":"https:\/\/canpizza.eu\/ca\/producto\/agitadores-de-masas-t-shirt\/","name":"AGITADORES DE MASAS - CAN PIZZA","isPartOf":{"@id":"https:\/\/canpizza.eu\/#website"},"primaryImageOfPage":{"@id":"https:\/\/canpizza.eu\/ca\/producto\/agitadores-de-masas-t-shirt\/#primaryimage"},"image":{"@id":"https:\/\/canpizza.eu\/ca\/producto\/agitadores-de-masas-t-shirt\/#primaryimage"},"thumbnailUrl":"https:\/\/canpizza.eu\/wp-content\/uploads\/2023\/10\/agitadores-de-masas.png","datePublished":"2023-10-09T09:08:46+00:00","dateModified":"2026-03-28T09:05:03+00:00","breadcrumb":{"@id":"https:\/\/canpizza.eu\/ca\/producto\/agitadores-de-masas-t-shirt\/#breadcrumb"},"inLanguage":"ca","potentialAction":[{"@type":"ReadAction","target":["https:\/\/canpizza.eu\/ca\/producto\/agitadores-de-masas-t-shirt\/"]}]},{"@type":"ImageObject","inLanguage":"ca","@id":"https:\/\/canpizza.eu\/ca\/producto\/agitadores-de-masas-t-shirt\/#primaryimage","url":"https:\/\/canpizza.eu\/wp-content\/uploads\/2023\/10\/agitadores-de-masas.png","contentUrl":"https:\/\/canpizza.eu\/wp-content\/uploads\/2023\/10\/agitadores-de-masas.png","width":1000,"height":1000,"caption":"Camiseta agitadores de masas Can Pizza"},{"@type":"BreadcrumbList","@id":"https:\/\/canpizza.eu\/ca\/producto\/agitadores-de-masas-t-shirt\/#breadcrumb","itemListElement":[{"@type":"ListItem","position":1,"name":"Portada","item":"https:\/\/canpizza.eu\/"},{"@type":"ListItem","position":2,"name":"Tienda Can Pizza","item":"https:\/\/canpizza.eu\/tienda\/"},{"@type":"ListItem","position":3,"name":"AGITADORES DE MASAS"}]},{"@type":"WebSite","@id":"https:\/\/canpizza.eu\/#website","url":"https:\/\/canpizza.eu\/","name":"CAN PIZZA","description":"Respect the pizza","publisher":{"@id":"https:\/\/canpizza.eu\/#organization"},"alternateName":"CAN PIZZA","potentialAction":[{"@type":"SearchAction","target":{"@type":"EntryPoint","urlTemplate":"https:\/\/canpizza.eu\/?s={search_term_string}"},"query-input":{"@type":"PropertyValueSpecification","valueRequired":true,"valueName":"search_term_string"}}],"inLanguage":"ca"},{"@type":"Organization","@id":"https:\/\/canpizza.eu\/#organization","name":"CAN PIZZA","url":"https:\/\/canpizza.eu\/","logo":{"@type":"ImageObject","inLanguage":"ca","@id":"https:\/\/canpizza.eu\/#\/schema\/logo\/image\/","url":"https:\/\/canpizza.eu\/wp-content\/uploads\/2023\/06\/can-pizza-logo.png","contentUrl":"https:\/\/canpizza.eu\/wp-content\/uploads\/2023\/06\/can-pizza-logo.png","width":706,"height":164,"caption":"CAN PIZZA"},"image":{"@id":"https:\/\/canpizza.eu\/#\/schema\/logo\/image\/"},"sameAs":["https:\/\/www.facebook.com\/canpizzaoficial\/?locale=es_ES","https:\/\/www.instagram.com\/canpizzaoficial\/","https:\/\/www.youtube.com\/channel\/UCB-1lAueskvomnaikShzaYQ","https:\/\/www.linkedin.com\/company\/can-pizza?original_referer=httpswwwgooglecom&originalSubdomain=es"]}]}},"_links":{"self":[{"href":"https:\/\/canpizza.eu\/ca\/wp-json\/wp\/v2\/product\/2809","targetHints":{"allow":["GET"]}}],"collection":[{"href":"https:\/\/canpizza.eu\/ca\/wp-json\/wp\/v2\/product"}],"about":[{"href":"https:\/\/canpizza.eu\/ca\/wp-json\/wp\/v2\/types\/product"}],"replies":[{"embeddable":true,"href":"https:\/\/canpizza.eu\/ca\/wp-json\/wp\/v2\/comments?post=2809"}],"wp:featuredmedia":[{"embeddable":true,"href":"https:\/\/canpizza.eu\/ca\/wp-json\/wp\/v2\/media\/2815"}],"wp:attachment":[{"href":"https:\/\/canpizza.eu\/ca\/wp-json\/wp\/v2\/media?parent=2809"}],"wp:term":[{"taxonomy":"product_brand","embeddable":true,"href":"https:\/\/canpizza.eu\/ca\/wp-json\/wp\/v2\/product_brand?post=2809"},{"taxonomy":"product_cat","embeddable":true,"href":"https:\/\/canpizza.eu\/ca\/wp-json\/wp\/v2\/product_cat?post=2809"},{"taxonomy":"product_tag","embeddable":true,"href":"https:\/\/canpizza.eu\/ca\/wp-json\/wp\/v2\/product_tag?post=2809"}],"curies":[{"name":"wp","href":"https:\/\/api.w.org\/{rel}","templated":true}]}}